{"id":358,"date":"2022-03-08T14:02:44","date_gmt":"2022-03-08T09:02:44","guid":{"rendered":"https:\/\/ccfwek.org\/accueil\/"},"modified":"2026-02-23T20:53:05","modified_gmt":"2026-02-23T15:53:05","slug":"accueil","status":"publish","type":"page","link":"https:\/\/ccfwek.org\/en\/","title":{"rendered":"Home"},"content":{"rendered":"<div class=\"wpb-content-wrapper\"><p>[vc_row][vc_column]\n\t\t\t<!-- START CCFWEK  English REVOLUTION SLIDER 6.7.23 --><p class=\"rs-p-wp-fix\"><\/p>\n\t\t\t<rs-module-wrap id=\"ccfwek-slider_wrapper\" data-source=\"gallery\" style=\"visibility:hidden;background:transparent;padding:0;margin:0px auto;margin-top:0;margin-bottom:0;\">\n\t\t\t\t<rs-module id=\"ccfwek-slider\" style=\"\" data-version=\"6.7.23\">\n\t\t\t\t\t<rs-slides style=\"overflow: hidden; position: absolute;\">\n\t\t\t\t\t\t<rs-slide style=\"position: absolute;\" data-key=\"rs-15\" data-title=\"Slide\" data-anim=\"adpr:false;\" data-in=\"o:0;\" data-out=\"a:false;\">\n\t\t\t\t\t\t\t<img decoding=\"async\" src=\"\/\/ccfwek.org\/wp-content\/plugins\/revslider\/sr6\/assets\/assets\/dummy.png\" alt=\"\" title=\"MARS-FRANCOs\" width=\"2560\" height=\"1159\" class=\"rev-slidebg tp-rs-img rs-lazyload\" data-lazyload=\"\/\/ccfwek.org\/wp-content\/uploads\/2022\/03\/MARS-FRANCOs-1.jpg\" data-no-retina>\n<!---->\t\t\t\t\t<\/rs-slide>\n\t\t\t\t\t<\/rs-slides>\n\t\t\t\t<\/rs-module>\n\t\t\t\t<script>\n\t\t\t\t\tsetREVStartSize({c: 'ccfwek-slider',rl:[1240,1024,778,480],el:[1000,590,500,400],gw:[1920,1024,778,480],gh:[1000,590,500,400],type:'standard',justify:'',layout:'fullwidth',mh:\"0\"});if (window.RS_MODULES!==undefined && window.RS_MODULES.modules!==undefined && window.RS_MODULES.modules[\"ccfwekslider\"]!==undefined) {window.RS_MODULES.modules[\"ccfwekslider\"].once = false;window.revapi2 = undefined;if (window.RS_MODULES.checkMinimal!==undefined) window.RS_MODULES.checkMinimal()}\n\t\t\t\t<\/script>\n\t\t\t<\/rs-module-wrap>\n\t\t\t<!-- END REVOLUTION SLIDER -->\n[\/vc_column][\/vc_row][vc_row disable_element=&#8221;yes&#8221;][vc_column]\t\t<div class=\"theme-services2 pt_80 pb_80\">\n\t\t\t<div class=\"container\">\n\t\t\t\t<div class=\"row\">\n\t\t\t\t\t\t\t\t\t\t\t\t<div class=\"theme-services2-grid col-xl-3 col-lg-6 col-md-6 col-sm-6\">\n\t\t\t\t\t\t\t\t<a href=\"https:\/\/ccfwek.org\/en\/services\/arrimage-connexions-communautaires-program\/\">\t\t\t\t\t\t\t\t<div class=\"srv-box text-center\">\n\t\t\t\t\t\t\t\t\t\t\t\t\t\t\t\t\t\t<p>Arrimage\/connections communautaires Program<\/p>\n\t\t\t\t\t\t\t\t<\/div>\n\t\t\t\t\t\t\t\t<\/a>\t\t\t\t\t\t\t<\/div>\n\t\t\t\t\t\t\t\t\t\t\t\t\t\t<div class=\"theme-services2-grid col-xl-3 col-lg-6 col-md-6 col-sm-6\">\n\t\t\t\t\t\t\t\t<a href=\"https:\/\/ccfwek.org\/en\/services\/settlement-workers-in-schools\/\">\t\t\t\t\t\t\t\t<div class=\"srv-box text-center\">\n\t\t\t\t\t\t\t\t\t\t\t\t\t\t\t\t\t\t<p> Settlement Workers in Schools (SWIS)<\/p>\n\t\t\t\t\t\t\t\t<\/div>\n\t\t\t\t\t\t\t\t<\/a>\t\t\t\t\t\t\t<\/div>\n\t\t\t\t\t\t\t\t\t\t\t\t\t\t<div class=\"theme-services2-grid col-xl-3 col-lg-6 col-md-6 col-sm-6\">\n\t\t\t\t\t\t\t\t<a href=\"https:\/\/ccfwek.org\/services\/centre-dorientation-des-adolescents\/\">\t\t\t\t\t\t\t\t<div class=\"srv-box text-center\">\n\t\t\t\t\t\t\t\t\t\t\t\t\t\t\t\t\t\t<p>Teenage Guidance Centre<\/p>\n\t\t\t\t\t\t\t\t<\/div>\n\t\t\t\t\t\t\t\t<\/a>\t\t\t\t\t\t\t<\/div>\n\t\t\t\t\t\t\t\t\t\t\t\t\t\t<div class=\"theme-services2-grid col-xl-3 col-lg-6 col-md-6 col-sm-6\">\n\t\t\t\t\t\t\t\t<a href=\"https:\/\/ccfwek.org\/en\/services\/socio-cultural-activities\/\">\t\t\t\t\t\t\t\t<div class=\"srv-box text-center\">\n\t\t\t\t\t\t\t\t\t\t\t\t\t\t\t\t\t\t<p>Socio-cultural activities <\/p>\n\t\t\t\t\t\t\t\t<\/div>\n\t\t\t\t\t\t\t\t<\/a>\t\t\t\t\t\t\t<\/div>\n\t\t\t\t\t\t\t\t\t\t\t<\/div>\n\t\t\t<\/div>\n\t\t<\/div>\n\t\t[\/vc_column][\/vc_row][vc_row disable_element=&#8221;yes&#8221;][vc_column]\t\t<div class=\"theme-request pt_50 pb_50\">\n\t\t\t<div class=\"container\">\n\t\t\t\t<div class=\"request-box d-xl-flex align-items-xl-center\">\n\t\t\t\t\t<h3>D\u00e9couvrir les activit\u00e9s sociales et culturelles!\n<\/h3>\n\t\t\t\t\t\t\t\t\t<a class=\"\" target=\"\" href=\"https:\/\/ccfwek.org\/calendrier\/\" title=\"D\u00e9couvrir\">\n\t\t\t\t\tD\u00e9couvrir\t\t\t\t\t\t\t\t\t<\/a>\n\t\t\t\t\t\t\t\t<\/div>\n\t\t\t<\/div>\n\t\t<\/div>\n\t\t[\/vc_column][\/vc_row][vc_row][vc_column]\t\t<!-- About -->\n\t\t<div class=\"theme-about\">\n\t\t\t<div class=\"row g-0\">\n\t\t\t\t\t\t\t\t<div class=\"col-lg-6\">\n\t\t\t\t\t<div class=\"content-box\">\n\t\t\t\t\t\t\t\t\t\t\t\t\t<span>-<\/span>\n\t\t\t\t\t\t\t\t\t\t\t\t\t<\/p>\n<h3>Welcome to the Centre communautaire francophone!<\/h3>\n<p>The Centre communautaire francophone Windsor-Essex-Kent, commonly known as <strong>CCFWEK<\/strong>, is a non-profit corporate group under Canadian law with its headquarters at 720 Ouellette Avenue in downtown Windsor (Southwestern Ontario, Canada).<\/p>\n\t\t\t\t\t\t\t\t\t\t<a class=\"btn-style-1 mt_20\" target=\"\" href=\"https:\/\/ccfwek.org\/en\/about-us\/\" title=\"Find out more\">\n\t\t\t\t\tFind out more\t\t\t\t\t\t\t\t\t<\/a>\n\t\t\t\t\t\t\t\t\t<\/div>\n\t\t\t\t<\/div>\n\t\t\t\t\t\t\t\t\t<div class=\"col-lg-6 img-box\" style=background-image:url(https:\/\/ccfwek.org\/wp-content\/uploads\/2022\/04\/bienvenue1-copy.png);>\n\t\t\t\t\t\t\t\t\t\t\t\t<img loading=\"lazy\" decoding=\"async\" width=\"1143\" height=\"694\" src=\"https:\/\/ccfwek.org\/wp-content\/uploads\/2022\/04\/bienvenue1-copy.png\" class=\"attachment-full size-full\" alt=\"\" srcset=\"https:\/\/ccfwek.org\/wp-content\/uploads\/2022\/04\/bienvenue1-copy.png 1143w, https:\/\/ccfwek.org\/wp-content\/uploads\/2022\/04\/bienvenue1-copy-300x182.png 300w, https:\/\/ccfwek.org\/wp-content\/uploads\/2022\/04\/bienvenue1-copy-1024x622.png 1024w, https:\/\/ccfwek.org\/wp-content\/uploads\/2022\/04\/bienvenue1-copy-768x466.png 768w\" sizes=\"auto, (max-width: 1143px) 100vw, 1143px\" \/>\t\t\t\t\t<\/div>\n\t\t\t\t\t\t\t\t<\/div>\n\t\t<\/div><!-- About \/- -->\n\t\t[\/vc_column][\/vc_row][vc_row type=&#8221;container&#8221;][vc_column][vc_empty_space height=&#8221;62px&#8221;]\t<!-- Recent Blog Section -->\n\t<div id=\"blog-style-1\" class=\"event-style ps-0 pe-0 container-fluid pt_0 pb_100\">\n\t\t\t\t\t<h2 class=\"section-title text-center\">Events\n<\/h2>\n\t\t\t\t\t<div class=\"row-eq-height ev-carousel owl-carousel owl-theme\">\n\t\t\t\t\t\t\t<div class=\"ajde_events eventbox item\">\n\t\t\t\t\t<div class=\"eventbox-inner\">\t\t\t\t\n\t\t\t\t\t\t<a title=\"Festival du Nain Rouge\" href=\"https:\/\/ccfwek.org\/en\/events\/festival-du-nain-rouge\/\">\n\t\t\t\t\t\t\t<img loading=\"lazy\" decoding=\"async\" width=\"384\" height=\"300\" src=\"https:\/\/ccfwek.org\/wp-content\/uploads\/2026\/02\/616361165_25643089058691385_6237720937913699943_n-384x300.jpg\" class=\"attachment-ccfwekwp_384_300 size-ccfwekwp_384_300 wp-post-image\" alt=\"\" \/>\t\t\t\t\t\t<\/a>\n\t\t\t\t\t\t<div class=\"bloginner\">\n\t\t\t\t\t\t\t<h5>\n\t\t\t\t\t\t\t\t<a title=\"Festival du Nain Rouge\" href=\"https:\/\/ccfwek.org\/en\/events\/festival-du-nain-rouge\/\">\n\t\t\t\t\t\t\t\t\tFestival du Nain Rouge\t\t\t\t\t\t\t\t<\/a>\n\t\t\t\t\t\t\t<\/h5>\n\t\t\t\t\t\t\t\t\t\t\t\t\t\t\t<span><i class=\"fa fa-clock-o\"><\/i>28 Mar 2026 au 28 Mar 2026<\/span>\n\t\t\t\t\t\t\t\t\t\t\t\t\t\t\t<p>Appel aux Vendeurs\nFestival du Nain Rouge<\/p>\n<p>Le 28 mars 13h-18h<\/p>\n<p>63, Sandwich Town.<\/p>\n\t\t\t\t\t\t\t<a class=\"readmore\" href=\"https:\/\/ccfwek.org\/en\/events\/festival-du-nain-rouge\/\">Find out more<\/a>\n\t\t\t\t\t\t<\/div>\n\t\t\t\t\t<\/div>\n\t\t\t\t<\/div>\n\t\t\t\t\t\t\t\t<div class=\"ajde_events eventbox item\">\n\t\t\t\t\t<div class=\"eventbox-inner\">\t\t\t\t\n\t\t\t\t\t\t<a title=\"5 \u00e0 7 de r\u00e9seautage pour entrepreneurs francophones\" href=\"https:\/\/ccfwek.org\/en\/events\/5-a-7-de-reseautage-pour-entrepreneurs-francophones\/\">\n\t\t\t\t\t\t\t<img loading=\"lazy\" decoding=\"async\" width=\"384\" height=\"300\" src=\"https:\/\/ccfwek.org\/wp-content\/uploads\/2026\/02\/media-sociaux-5-a-7-fga-384x300.png\" class=\"attachment-ccfwekwp_384_300 size-ccfwekwp_384_300 wp-post-image\" alt=\"\" \/>\t\t\t\t\t\t<\/a>\n\t\t\t\t\t\t<div class=\"bloginner\">\n\t\t\t\t\t\t\t<h5>\n\t\t\t\t\t\t\t\t<a title=\"5 \u00e0 7 de r\u00e9seautage pour entrepreneurs francophones\" href=\"https:\/\/ccfwek.org\/en\/events\/5-a-7-de-reseautage-pour-entrepreneurs-francophones\/\">\n\t\t\t\t\t\t\t\t\t5 \u00e0 7 de r\u00e9seautage pour entrepreneurs francophones\t\t\t\t\t\t\t\t<\/a>\n\t\t\t\t\t\t\t<\/h5>\n\t\t\t\t\t\t\t\t\t\t\t\t\t\t\t<span><i class=\"fa fa-clock-o\"><\/i>26 Mar 2026 au 26 Mar 2026<\/span>\n\t\t\t\t\t\t\t\t\t\t\t\t\t\t\t<p>Participez au 5 \u00e0 7 de r\u00e9seautage pour entrepreneurs francophones \u00e0.<\/p>\n\t\t\t\t\t\t\t<a class=\"readmore\" href=\"https:\/\/ccfwek.org\/en\/events\/5-a-7-de-reseautage-pour-entrepreneurs-francophones\/\">Find out more<\/a>\n\t\t\t\t\t\t<\/div>\n\t\t\t\t\t<\/div>\n\t\t\t\t<\/div>\n\t\t\t\t\t\t<\/div>\n\t<\/div>\n\t[\/vc_column][\/vc_row][vc_row disable_element=&#8221;yes&#8221;][vc_column]\t<!-- Testimonial -->\n\t<div class=\"theme-testimonialcarousel pt_120 pb_120\">\n\t\t<div class=\"container p-0\">\n\t\t\t\t\t\t\t<div class=\"title-block text-center\">\n\t\t\t\t\t\t\t\t\t\t\t<span>Ce que disent les gens<\/span>\n\t\t\t\t\t\t\t\t\t\t\t\t\t\t\t\t\t<h3>Quelques t\u00e9moignages<\/h3>\n\t\t\t\t\t\t\t\t\t\t<\/div>\n\t\t\t\t\t\t\t\t<div class=\"testimonial-carousel owl-carousel owl-theme\">\n\t\t\t\t\t\t\t\t\t\t\t\t<div class=\"item\">\n\t\t\t\t\t\t\t\t<div class=\"testi-box h-100\">\n\t\t\t\t\t\t\t\t\t<div class=\"author-box d-flex align-items-center position-relative\">\n\t\t\t\t\t\t\t\t\t\t\t\t\t\t\t\t\t\t\t\t\t<img loading=\"lazy\" decoding=\"async\" width=\"69\" height=\"69\" src=\"https:\/\/ccfwek.org\/wp-content\/uploads\/2022\/03\/testi-author.jpg\" class=\"attachment-full size-full\" alt=\"\" \/>\t\t\t\t\t\t\t\t\t\t\t\t\t\t\t\t\t\t\t\t\t\t\t\t\t\t\t\t\t\t\t\t<h6>Lorem Ipsum has <span>Loremipsum<\/span><\/h6>\n\t\t\t\t\t\t\t\t\t\t\t\t\t\t\t\t\t\t\t\t<\/div>\n\t\t\t\t\t\t\t\t\t\t\t\t\t\t\t\t\t\t\t<h3>Lorem Ipsum is simply dummy text of the printing and typesetting industry.\n<\/h3>\n\t\t\t\t\t\t\t\t\t\t\t\t\t\t\t\t\t\t\t<p>Lorem Ipsum is simply dummy text of the printing and typesetting industry. Lorem Ipsum has been the \u2018s standard dummy text.<\/p>\n\t\t\t\t\t\t\t\t<\/div>\n\t\t\t\t\t\t\t<\/div>\n\t\t\t\t\t\t\t\t\t\t\t\t\t\t<div class=\"item\">\n\t\t\t\t\t\t\t\t<div class=\"testi-box h-100\">\n\t\t\t\t\t\t\t\t\t<div class=\"author-box d-flex align-items-center position-relative\">\n\t\t\t\t\t\t\t\t\t\t\t\t\t\t\t\t\t\t\t\t\t<img loading=\"lazy\" decoding=\"async\" width=\"69\" height=\"69\" src=\"https:\/\/ccfwek.org\/wp-content\/uploads\/2022\/03\/testi-author.jpg\" class=\"attachment-full size-full\" alt=\"\" \/>\t\t\t\t\t\t\t\t\t\t\t\t\t\t\t\t\t\t\t\t\t\t\t\t\t\t\t\t\t\t\t\t<h6>Lorem Ipsum has <span>Loremipsum<\/span><\/h6>\n\t\t\t\t\t\t\t\t\t\t\t\t\t\t\t\t\t\t\t\t<\/div>\n\t\t\t\t\t\t\t\t\t\t\t\t\t\t\t\t\t\t\t<h3>Lorem Ipsum is simply dummy text of the printing and typesetting industry.\n<\/h3>\n\t\t\t\t\t\t\t\t\t\t\t\t\t\t\t\t\t\t\t<p>Lorem Ipsum is simply dummy text of the printing and typesetting industry. Lorem Ipsum has been the \u2018s standard dummy text.<\/p>\n\t\t\t\t\t\t\t\t<\/div>\n\t\t\t\t\t\t\t<\/div>\n\t\t\t\t\t\t\t\t\t\t\t\t\t\t<div class=\"item\">\n\t\t\t\t\t\t\t\t<div class=\"testi-box h-100\">\n\t\t\t\t\t\t\t\t\t<div class=\"author-box d-flex align-items-center position-relative\">\n\t\t\t\t\t\t\t\t\t\t\t\t\t\t\t\t\t\t\t\t\t<img loading=\"lazy\" decoding=\"async\" width=\"69\" height=\"69\" src=\"https:\/\/ccfwek.org\/wp-content\/uploads\/2022\/03\/testi-author.jpg\" class=\"attachment-full size-full\" alt=\"\" \/>\t\t\t\t\t\t\t\t\t\t\t\t\t\t\t\t\t\t\t\t\t\t\t\t\t\t\t\t\t\t\t\t<h6>Lorem Ipsum has <span>Loremipsum<\/span><\/h6>\n\t\t\t\t\t\t\t\t\t\t\t\t\t\t\t\t\t\t\t\t<\/div>\n\t\t\t\t\t\t\t\t\t\t\t\t\t\t\t\t\t\t\t<h3>Lorem Ipsum is simply dummy text of the printing and typesetting industry.\n<\/h3>\n\t\t\t\t\t\t\t\t\t\t\t\t\t\t\t\t\t\t\t<p>Lorem Ipsum is simply dummy text of the printing and typesetting industry. Lorem Ipsum has been the \u2018s standard dummy text.<\/p>\n\t\t\t\t\t\t\t\t<\/div>\n\t\t\t\t\t\t\t<\/div>\n\t\t\t\t\t\t\t\t\t\t\t\t\t\t<div class=\"item\">\n\t\t\t\t\t\t\t\t<div class=\"testi-box h-100\">\n\t\t\t\t\t\t\t\t\t<div class=\"author-box d-flex align-items-center position-relative\">\n\t\t\t\t\t\t\t\t\t\t\t\t\t\t\t\t\t\t\t\t\t<img loading=\"lazy\" decoding=\"async\" width=\"69\" height=\"69\" src=\"https:\/\/ccfwek.org\/wp-content\/uploads\/2022\/03\/testi-author.jpg\" class=\"attachment-full size-full\" alt=\"\" \/>\t\t\t\t\t\t\t\t\t\t\t\t\t\t\t\t\t\t\t\t\t\t\t\t\t\t\t\t\t\t\t\t<h6>Lorem Ipsum has <span>Loremipsum<\/span><\/h6>\n\t\t\t\t\t\t\t\t\t\t\t\t\t\t\t\t\t\t\t\t<\/div>\n\t\t\t\t\t\t\t\t\t\t\t\t\t\t\t\t\t\t\t<h3>Lorem Ipsum is simply dummy text of the printing and typesetting industry.\n<\/h3>\n\t\t\t\t\t\t\t\t\t\t\t\t\t\t\t\t\t\t\t<p>Lorem Ipsum is simply dummy text of the printing and typesetting industry. Lorem Ipsum has been the \u2018s standard dummy text.<\/p>\n\t\t\t\t\t\t\t\t<\/div>\n\t\t\t\t\t\t\t<\/div>\n\t\t\t\t\t\t\t\t\t\t\t\t\t\t<div class=\"item\">\n\t\t\t\t\t\t\t\t<div class=\"testi-box h-100\">\n\t\t\t\t\t\t\t\t\t<div class=\"author-box d-flex align-items-center position-relative\">\n\t\t\t\t\t\t\t\t\t\t\t\t\t\t\t\t\t\t\t\t\t<img loading=\"lazy\" decoding=\"async\" width=\"69\" height=\"69\" src=\"https:\/\/ccfwek.org\/wp-content\/uploads\/2022\/03\/testi-author.jpg\" class=\"attachment-full size-full\" alt=\"\" \/>\t\t\t\t\t\t\t\t\t\t\t\t\t\t\t\t\t\t\t\t\t\t\t\t\t\t\t\t\t\t\t\t<h6>Lorem Ipsum has <span>Loremipsum<\/span><\/h6>\n\t\t\t\t\t\t\t\t\t\t\t\t\t\t\t\t\t\t\t\t<\/div>\n\t\t\t\t\t\t\t\t\t\t\t\t\t\t\t\t\t\t\t<h3>Lorem Ipsum is simply dummy text of the printing and typesetting industry.\n<\/h3>\n\t\t\t\t\t\t\t\t\t\t\t\t\t\t\t\t\t\t\t<p>Lorem Ipsum is simply dummy text of the printing and typesetting industry. Lorem Ipsum has been the \u2018s standard dummy text.<\/p>\n\t\t\t\t\t\t\t\t<\/div>\n\t\t\t\t\t\t\t<\/div>\n\t\t\t\t\t\t\t\t\t\t\t<\/div>\n\t\t\t\t\t\t<\/div>\n\t<\/div><!-- Testimonial -->\n\t[\/vc_column][\/vc_row][vc_row disable_element=&#8221;yes&#8221;][vc_column]\t\t<!-- Vision Mision -->\n\t\t<div class=\"theme-visionmission\">\n\t\t\t<div class=\"row g-0\">\n\t\t\t\t<div class=\"col-md-6 img-box\" style=background-image:url(https:\/\/ccfwek.org\/wp-content\/uploads\/2022\/03\/vision-mission-3.jpg);>\n\t\t\t\t\t<img loading=\"lazy\" decoding=\"async\" width=\"856\" height=\"584\" src=\"https:\/\/ccfwek.org\/wp-content\/uploads\/2022\/03\/vision-mission-3.jpg\" class=\"attachment-full size-full\" alt=\"\" srcset=\"https:\/\/ccfwek.org\/wp-content\/uploads\/2022\/03\/vision-mission-3.jpg 856w, https:\/\/ccfwek.org\/wp-content\/uploads\/2022\/03\/vision-mission-3-300x205.jpg 300w, https:\/\/ccfwek.org\/wp-content\/uploads\/2022\/03\/vision-mission-3-768x524.jpg 768w\" sizes=\"auto, (max-width: 856px) 100vw, 856px\" \/>\t\t\t\t<\/div>\n\t\t\t\t<div class=\"col-md-6 mision-box\">\n\t\t\t\t\t<div class=\"content-box\">\n\t\t\t\t\t\t<\/p>\n<h3>\u00c9v\u00e9nement X<\/h3>\n<div class=\"row\">\n\t\t\t\t\t\t\t\t\t\t\t\t\t\t\t\t\t\t<div class=\"time-box\">\n\t\t\t\t\t\t\t\t\t\t\t\t\t\t\t\t\t\t\t\t\t\t\t\t\t\t\t\t\t\t\t\t\t\t<h6><strong>Monday \u2013 Thursday:<\/strong> 9:00 am \u2013 10:00 pm<\/h6>\n\t\t\t\t\t\t\t\t\t\t\t\t\t\t\t\t\t\t\t\t\t\t\t\t<p><i>Food service until 9:00 pm<\/i><\/p>\n\t\t\t\t\t\t\t\t\t\t\t\t\t\t\t\t\t\t\t\t\t\t<\/div>\n\t\t\t\t\t\t\t\t\t\t\t\t\t\t\t\t\t\t\t\t<div class=\"time-box\">\n\t\t\t\t\t\t\t\t\t\t\t\t\t\t\t\t\t\t\t\t\t\t\t\t\t\t\t\t\t\t\t\t\t\t<h6><strong>Monday \u2013 Thursday:<\/strong> 9:00 am \u2013 10:00 pm<\/h6>\n\t\t\t\t\t\t\t\t\t\t\t\t\t\t\t\t\t\t\t\t\t\t\t\t<p><i>Food service until 9:00 pm<\/i><\/p>\n\t\t\t\t\t\t\t\t\t\t\t\t\t\t\t\t\t\t\t\t\t\t<\/div>\n\t\t\t\t\t\t\t\t\t\t\t\t\t\t\t\t\t\t\t\t<div class=\"time-box\">\n\t\t\t\t\t\t\t\t\t\t\t\t\t\t\t\t\t\t\t\t\t\t\t\t\t\t\t\t\t\t\t\t\t\t<h6><strong>Monday \u2013 Thursday:<\/strong> 9:00 am \u2013 10:00 pm<\/h6>\n\t\t\t\t\t\t\t\t\t\t\t\t\t\t\t\t\t\t\t\t\t\t\t\t<p><i>Food service until 9:00 pm<\/i><\/p>\n\t\t\t\t\t\t\t\t\t\t\t\t\t\t\t\t\t\t\t\t\t\t<\/div>\n\t\t\t\t\t\t\t\t\t\t\t\t\t\t\t\t\t<\/div>\n\t\t\t\t\t\t\t\t\t\t\t<a class=\"\" target=\"\" href=\"https:\/\/ccfwek.org\/contact\/\" title=\"Make A Reservation\">\n\t\t\t\t\tMake A Reservation\t\t\t\t\t\t\t\t\t<\/a>\n\t\t\t\t\t\t\t\t\t<\/div>\n\t\t\t\t<\/div>\n\t\t\t<\/div>\n\t\t<\/div><!-- Vision Mision -->\n\t\t[\/vc_column][\/vc_row][vc_row][vc_column]\t<!-- Banner -->\n\t<div class=\"theme-banner pt_150 pb_150\" style=background-image:url(https:\/\/ccfwek.org\/wp-content\/uploads\/2022\/03\/gallery-popup-CCFWEK.jpg);>\n\t\t<div class=\"container\">\n\t\t\t<div class=\"row justify-content-center\">\n\t\t\t\t<div class=\"col-md-6\">\n\t\t\t\t\t<div class=\"content-box text-center\">\n\t\t\t\t\t\t<\/p>\n<h4>Have any questions?<\/h4>\n<p>Please contact us if you have any questions.<\/p>\n\t\t\t\t\t<\/div>\n\t\t\t\t<\/div>\n\t\t\t<\/div>\n\t\t<\/div>\n\t<\/div><!-- Banner \/- -->\n\t[\/vc_column][\/vc_row][vc_row css=&#8221;.vc_custom_1647099672611{background-color: #ffffff !important;}&#8221;][vc_column css=&#8221;.vc_custom_1647262698838{padding-top: 0px !important;}&#8221;]\t<!-- Map -->\n\t<div class=\"theme-map position-relative\">\n\t\t\t\t\t<iframe src=\"https:\/\/www.google.com\/maps\/embed?pb=!1m14!1m8!1m3!1d377650.41678377375!2d-83.035424!3d42.312797!3m2!1i1024!2i768!4f13.1!3m3!1m2!1s0x883b2ce262a27807%3A0xc688fe1890d58ad3!2s720%20Ouellette%20Ave%2C%20Windsor%2C%20ON%20N9A%201C2%2C%20Canada!5e0!3m2!1sen!2sus!4v1647099813724!5m2!1sen!2sus\" allowfullscreen=\"\"><\/iframe>\n\t\t\t\t\t\t<div class=\"contact-detail d-flex align-items-center justify-content-center\">\n\t\t\t\t<div class=\"content-box\">\n\t\t\t\t\t\t\t\t\t\t\t<h4>Centre Communautaire<br \/>\nFrancophone Windsor-Essex-Kent<br \/>\nInc., CCFWEK\n<\/h4>\n\t\t\t\t\t\t\t\t\t\t\t\t<ul>\n\t\t\t\t\t\t\t\t\t\t\t\t\t\t\t<li><i class=\"fa fa-location-arrow\"><\/i> 720, avenue Ouellette,<br \/>\nWindsor, ON N9A 1C2\n<\/li>\n\t\t\t\t\t\t\t\t\t\t\t\t\t\t\t\t\t\t\t\t\t\t\t<li><i class=\"fas fa-phone-square-alt\"><\/i> <a href=\"tel:519 948 5545\">519 948 5545<\/a><\/li>\n\t\t\t\t\t\t\t\t\t\t\t\t\t\t\t\t\t\t\t\t\t\t\t<li><i class=\"fa fa-envelope\"><\/i> <a href=\"mailto:info@ccfwek.org\">info@ccfwek.org<\/a><\/li>\n\t\t\t\t\t\t\t\t\t\t\t\t\t\t<\/ul>\n\t\t\t\t\t\t\t\t\t\t<\/div>\n\t\t\t<\/div>\n\t\t\t\t<\/div><!-- Map \/- -->\n\t[\/vc_column][\/vc_row][vc_row css=&#8221;.vc_custom_1648316299562{background-color: #f4f6fa !important;}&#8221;][vc_column][vc_empty_space height=&#8221;62px&#8221;][\/vc_column][\/vc_row][vc_row disable_element=&#8221;yes&#8221;][vc_column]\t\t<!-- Logo Section -->\n\t\t<div class=\"theme-logo pt_80 pb_80\">\n\t\t\t<!-- Container -->\n\t\t\t<div class=\"container\">\n\t\t\t\t<div id=\"logo-carousel-2088837437\" class=\"logo-carousel owl-carousel owl-theme\">\n\t\t\t\t\t\t\t\t\t\t\t\t<div class=\"logo-item\">\n\t\t\t\t\t\t\t\t\t\t\t\t\t\t\t\t<img loading=\"lazy\" decoding=\"async\" width=\"532\" height=\"256\" src=\"https:\/\/ccfwek.org\/wp-content\/uploads\/2022\/03\/logo_CCFWEK_001.jpg\" class=\"attachment-1 size-1\" alt=\"\" srcset=\"https:\/\/ccfwek.org\/wp-content\/uploads\/2022\/03\/logo_CCFWEK_001.jpg 532w, https:\/\/ccfwek.org\/wp-content\/uploads\/2022\/03\/logo_CCFWEK_001-300x144.jpg 300w\" sizes=\"auto, (max-width: 532px) 100vw, 532px\" \/>\t\t\t\t\t\t\t\t\t\t\t\t\t\t\t<\/div>\n\t\t\t\t\t\t\t\t\t\t\t\t\t\t<div class=\"logo-item\">\n\t\t\t\t\t\t\t\t\t\t\t\t\t\t\t\t<img loading=\"lazy\" decoding=\"async\" width=\"532\" height=\"256\" src=\"https:\/\/ccfwek.org\/wp-content\/uploads\/2022\/03\/logo_CCFWEK_002.jpg\" class=\"attachment-1 size-1\" alt=\"\" srcset=\"https:\/\/ccfwek.org\/wp-content\/uploads\/2022\/03\/logo_CCFWEK_002.jpg 532w, https:\/\/ccfwek.org\/wp-content\/uploads\/2022\/03\/logo_CCFWEK_002-300x144.jpg 300w\" sizes=\"auto, (max-width: 532px) 100vw, 532px\" \/>\t\t\t\t\t\t\t\t\t\t\t\t\t\t\t<\/div>\n\t\t\t\t\t\t\t\t\t\t\t\t\t\t<div class=\"logo-item\">\n\t\t\t\t\t\t\t\t\t\t\t\t\t\t\t\t<img loading=\"lazy\" decoding=\"async\" width=\"532\" height=\"256\" src=\"https:\/\/ccfwek.org\/wp-content\/uploads\/2022\/03\/logo_CCFWEK_003.jpg\" class=\"attachment-1 size-1\" alt=\"\" srcset=\"https:\/\/ccfwek.org\/wp-content\/uploads\/2022\/03\/logo_CCFWEK_003.jpg 532w, https:\/\/ccfwek.org\/wp-content\/uploads\/2022\/03\/logo_CCFWEK_003-300x144.jpg 300w\" sizes=\"auto, (max-width: 532px) 100vw, 532px\" \/>\t\t\t\t\t\t\t\t\t\t\t\t\t\t\t<\/div>\n\t\t\t\t\t\t\t\t\t\t\t\t\t\t<div class=\"logo-item\">\n\t\t\t\t\t\t\t\t\t\t\t\t\t\t\t\t<img loading=\"lazy\" decoding=\"async\" width=\"532\" height=\"256\" src=\"https:\/\/ccfwek.org\/wp-content\/uploads\/2022\/03\/logo_CCFWEK_004.jpg\" class=\"attachment-1 size-1\" alt=\"\" srcset=\"https:\/\/ccfwek.org\/wp-content\/uploads\/2022\/03\/logo_CCFWEK_004.jpg 532w, https:\/\/ccfwek.org\/wp-content\/uploads\/2022\/03\/logo_CCFWEK_004-300x144.jpg 300w\" sizes=\"auto, (max-width: 532px) 100vw, 532px\" \/>\t\t\t\t\t\t\t\t\t\t\t\t\t\t\t<\/div>\n\t\t\t\t\t\t\t\t\t\t\t\t\t\t<div class=\"logo-item\">\n\t\t\t\t\t\t\t\t\t\t\t\t\t\t\t\t<img loading=\"lazy\" decoding=\"async\" width=\"532\" height=\"256\" src=\"https:\/\/ccfwek.org\/wp-content\/uploads\/2022\/03\/logo_CCFWEK_008.jpg\" class=\"attachment-1 size-1\" alt=\"\" srcset=\"https:\/\/ccfwek.org\/wp-content\/uploads\/2022\/03\/logo_CCFWEK_008.jpg 532w, https:\/\/ccfwek.org\/wp-content\/uploads\/2022\/03\/logo_CCFWEK_008-300x144.jpg 300w\" sizes=\"auto, (max-width: 532px) 100vw, 532px\" \/>\t\t\t\t\t\t\t\t\t\t\t\t\t\t\t<\/div>\n\t\t\t\t\t\t\t\t\t\t\t\t\t\t<div class=\"logo-item\">\n\t\t\t\t\t\t\t\t\t\t\t\t\t\t\t\t<img loading=\"lazy\" decoding=\"async\" width=\"532\" height=\"256\" src=\"https:\/\/ccfwek.org\/wp-content\/uploads\/2022\/03\/logo_CCFWEK_007.jpg\" class=\"attachment-1 size-1\" alt=\"\" srcset=\"https:\/\/ccfwek.org\/wp-content\/uploads\/2022\/03\/logo_CCFWEK_007.jpg 532w, https:\/\/ccfwek.org\/wp-content\/uploads\/2022\/03\/logo_CCFWEK_007-300x144.jpg 300w\" sizes=\"auto, (max-width: 532px) 100vw, 532px\" \/>\t\t\t\t\t\t\t\t\t\t\t\t\t\t\t<\/div>\n\t\t\t\t\t\t\t\t\t\t\t\t\t\t<div class=\"logo-item\">\n\t\t\t\t\t\t\t\t\t\t\t\t\t\t\t\t<img loading=\"lazy\" decoding=\"async\" width=\"532\" height=\"256\" src=\"https:\/\/ccfwek.org\/wp-content\/uploads\/2022\/03\/logo_CCFWEK_006.jpg\" class=\"attachment-1 size-1\" alt=\"\" srcset=\"https:\/\/ccfwek.org\/wp-content\/uploads\/2022\/03\/logo_CCFWEK_006.jpg 532w, https:\/\/ccfwek.org\/wp-content\/uploads\/2022\/03\/logo_CCFWEK_006-300x144.jpg 300w\" sizes=\"auto, (max-width: 532px) 100vw, 532px\" \/>\t\t\t\t\t\t\t\t\t\t\t\t\t\t\t<\/div>\n\t\t\t\t\t\t\t\t\t\t\t\t\t\t<div class=\"logo-item\">\n\t\t\t\t\t\t\t\t\t\t\t\t\t\t\t\t<img loading=\"lazy\" decoding=\"async\" width=\"532\" height=\"256\" src=\"https:\/\/ccfwek.org\/wp-content\/uploads\/2022\/03\/logo_CCFWEK_festival.jpg\" class=\"attachment-1 size-1\" alt=\"\" srcset=\"https:\/\/ccfwek.org\/wp-content\/uploads\/2022\/03\/logo_CCFWEK_festival.jpg 532w, https:\/\/ccfwek.org\/wp-content\/uploads\/2022\/03\/logo_CCFWEK_festival-300x144.jpg 300w\" sizes=\"auto, (max-width: 532px) 100vw, 532px\" \/>\t\t\t\t\t\t\t\t\t\t\t\t\t\t\t<\/div>\n\t\t\t\t\t\t\t\t\t\t\t<\/div>\n\t\t\t<\/div><!-- Container \/- -->\n\t\t<\/div><!-- Logo Section \/- -->\n\t\t[\/vc_column][\/vc_row][vc_row][vc_column][\/vc_column][\/vc_row]<\/p>\n<\/div>","protected":false},"excerpt":{"rendered":"<p>[vc_row][vc_column][\/vc_column][\/vc_row][vc_row disable_element=&#8221;yes&#8221;][vc_column][\/vc_column][\/vc_row][vc_row disable_element=&#8221;yes&#8221;][vc_column][\/vc_column][\/vc_row][vc_row][vc_column][\/vc_column][\/vc_row][vc_row type=&#8221;container&#8221;][vc_column][vc_empty_space height=&#8221;62px&#8221;][\/vc_column][\/vc_row][vc_row disable_element=&#8221;yes&#8221;][vc_column][\/vc_column][\/vc_row][vc_row disable_element=&#8221;yes&#8221;][vc_column][\/vc_column][\/vc_row][vc_row][vc_column][\/vc_column][\/vc_row][vc_row css=&#8221;.vc_custom_1647099672611{background-color: #ffffff !important;}&#8221;][vc_column css=&#8221;.vc_custom_1647262698838{padding-top: 0px !important;}&#8221;][\/vc_column][\/vc_row][vc_row css=&#8221;.vc_custom_1648316299562{background-color: #f4f6fa !important;}&#8221;][vc_column][vc_empty_space height=&#8221;62px&#8221;][\/vc_column][\/vc_row][vc_row disable_element=&#8221;yes&#8221;][vc_column][\/vc_column][\/vc_row][vc_row][vc_column][\/vc_column][\/vc_row]<\/p>\n","protected":false},"author":1,"featured_media":0,"parent":0,"menu_order":0,"comment_status":"closed","ping_status":"closed","template":"","meta":{"footnotes":""},"class_list":["post-358","page","type-page","status-publish","hentry","has-post-thumbnail"],"_links":{"self":[{"href":"https:\/\/ccfwek.org\/en\/wp-json\/wp\/v2\/pages\/358","targetHints":{"allow":["GET"]}}],"collection":[{"href":"https:\/\/ccfwek.org\/en\/wp-json\/wp\/v2\/pages"}],"about":[{"href":"https:\/\/ccfwek.org\/en\/wp-json\/wp\/v2\/types\/page"}],"author":[{"embeddable":true,"href":"https:\/\/ccfwek.org\/en\/wp-json\/wp\/v2\/users\/1"}],"replies":[{"embeddable":true,"href":"https:\/\/ccfwek.org\/en\/wp-json\/wp\/v2\/comments?post=358"}],"version-history":[{"count":104,"href":"https:\/\/ccfwek.org\/en\/wp-json\/wp\/v2\/pages\/358\/revisions"}],"predecessor-version":[{"id":5866,"href":"https:\/\/ccfwek.org\/en\/wp-json\/wp\/v2\/pages\/358\/revisions\/5866"}],"wp:attachment":[{"href":"https:\/\/ccfwek.org\/en\/wp-json\/wp\/v2\/media?parent=358"}],"curies":[{"name":"wp","href":"https:\/\/api.w.org\/{rel}","templated":true}]}}