{"id":1104,"date":"2022-03-15T01:42:11","date_gmt":"2022-03-14T20:42:11","guid":{"rendered":"https:\/\/ccfwek.org\/le-carrefour-francophone\/les-membres\/"},"modified":"2024-02-27T01:25:02","modified_gmt":"2024-02-26T20:25:02","slug":"members-and-partners-of-le-carrefour","status":"publish","type":"page","link":"https:\/\/ccfwek.org\/en\/le-carrefour-francophone\/members-and-partners-of-le-carrefour\/","title":{"rendered":"The Members"},"content":{"rendered":"<div class=\"wpb-content-wrapper\"><p>[vc_row][vc_column]\t<!-- Careefoure -->\n\t<div class=\"theme-careefoure pt_80 pb_80\" style=background-color:#f4f6fa;>\n\t\t<div class=\"container\">\n\t\t\t<div class=\"row\">\n\t\t\t\t<div class=\"col-md-6\">\n\t\t\t\t\t\t\t\t\t\t\t<div class=\"section-header\">\n\t\t\t\t\t\t\t\t\t\t\t\t\t\t\t<span>CCFWEK<\/span>\n\t\t\t\t\t\t\t\t\t\t\t\t\t\t\t\n\t\t\t\t\t\t\t\t\t\t\t\t\t\t\t<h3>Members and partners of le Carrefour<\/h3>\n\t\t\t\t\t\t\t\t\t\t\t\t\t\t<\/div>\n\t\t\t\t\t\t\t\t\t\t\t\t<div class=\"content-box\">\n\t\t\t\t\t\t\t<p>Several organisations, most of them not-for-profit, now offer services for and by Francophones within <strong>le Carrefour<\/strong>. While the statutory working language is French, the experts present are also able to offer services in a variety of languages (French, English, Arabic, Creole, Swahili, Kirundi, Kinyarwanda and several other languages and dialects).<\/p>\n<p>&nbsp;<\/p>\n<p><img loading=\"lazy\" decoding=\"async\" class=\"alignnone size-full wp-image-441\" src=\"https:\/\/ccfwek.org\/wp-content\/uploads\/2022\/03\/CCFWEK_histoire_2.jpg\" alt=\"\" width=\"1182\" height=\"794\" srcset=\"https:\/\/ccfwek.org\/wp-content\/uploads\/2022\/03\/CCFWEK_histoire_2.jpg 1182w, https:\/\/ccfwek.org\/wp-content\/uploads\/2022\/03\/CCFWEK_histoire_2-300x202.jpg 300w, https:\/\/ccfwek.org\/wp-content\/uploads\/2022\/03\/CCFWEK_histoire_2-1024x688.jpg 1024w, https:\/\/ccfwek.org\/wp-content\/uploads\/2022\/03\/CCFWEK_histoire_2-768x516.jpg 768w\" sizes=\"auto, (max-width: 1182px) 100vw, 1182px\" \/><\/p>\n\t\t\t\t\t\t<\/div>\n\t\t\t\t\t\t\t\t\t\t<\/div>\n\t\t\t\t<div class=\"col-md-6\">\n\t\t\t\t\t<div class=\"hours-box h-100\">\n\t\t\t\t\t\t\t\t\t\t\t\t\t<h3>The following organizations are hosted within le Carrefour:<\/h3>\n\t\t\t\t\t\t\t\t\t\t\t\t\t\t<ul class=\"check-list\">\n\t\t\t\t\t\t\t\t\t\t\t\t\t\t\t\t\t\t<li>\n\t\t\t\t\t\t\t\t\t\t\t<a target=\"_blank\" href=\"http:\/\/www.acfoweck.ca\">\n\t\t\t\t\t\t\t\t\t\t\t\tAssociation des communaut\u00e9s francophones de l\u2019Ouest de l\u2019Ontario Windsor-Essex-Chatham-Kent (ACFO WECK)       \t\t\t\t\t\t\t\t\t\t\t<\/a>\n\t\t\t\t\t\t\t\t\t\t<\/li>\n\t\t\t\t\t\t\t\t\t\t\t\t\t\t\t\t\t\t\t\t<li>\n\t\t\t\t\t\t\t\t\t\t\t<a target=\"_blank\" href=\"http:\/\/www.canadianjourney.net\">\n\t\t\t\t\t\t\t\t\t\t\t\tCanadian Journey\/services en immigration\t\t\t\t\t\t\t\t\t\t\t<\/a>\n\t\t\t\t\t\t\t\t\t\t<\/li>\n\t\t\t\t\t\t\t\t\t\t\t\t\t\t\t\t\t\t\t\t<li>\n\t\t\t\t\t\t\t\t\t\t\t<a target=\"_blank\" href=\"http:\/\/www.ccfwek.org\">\n\t\t\t\t\t\t\t\t\t\t\t\tLe Centre communautaire francophone Windsor-Essex-Kent (CCFWEK) and the Youth Resource Center - Centre d\u2019orientation des adolescents\t\t\t\t\t\t\t\t\t\t\t<\/a>\n\t\t\t\t\t\t\t\t\t\t<\/li>\n\t\t\t\t\t\t\t\t\t\t\t\t\t\t\t\t\t\t\t\t<li>\n\t\t\t\t\t\t\t\t\t\t\t<a target=\"_blank\" href=\"http:\/\/cscprovidence.ca\">\n\t\t\t\t\t\t\t\t\t\t\t\tLe Conseil scolaire catholique Providence\t\t\t\t\t\t\t\t\t\t\t<\/a>\n\t\t\t\t\t\t\t\t\t\t<\/li>\n\t\t\t\t\t\t\t\t\t\t\t\t\t\t\t\t\t\t\t\t<li>\n\t\t\t\t\t\t\t\t\t\t\t<a target=\"_blank\" href=\"http:\/\/www.csviamonde.ca\">\n\t\t\t\t\t\t\t\t\t\t\t\tLe Conseil scolaire Viamonde\t\t\t\t\t\t\t\t\t\t\t<\/a>\n\t\t\t\t\t\t\t\t\t\t<\/li>\n\t\t\t\t\t\t\t\t\t\t\t\t\t\t\t\t\t\t\t\t<li>\n\t\t\t\t\t\t\t\t\t\t\t<a target=\"_blank\" href=\"http:\/\/www.entite1.ca\">\n\t\t\t\t\t\t\t\t\t\t\t\tL\u2019Entit\u00e9 de planification des services de sant\u00e9 en fran\u00e7ais \u00c9ri\u00e9 St-Clair \/ Sud-Ouest (Entit\u00e9 1)\t\t\t\t\t\t\t\t\t\t\t<\/a>\n\t\t\t\t\t\t\t\t\t\t<\/li>\n\t\t\t\t\t\t\t\t\t\t\t\t\t\t\t\t\t\t\t\t<li>\n\t\t\t\t\t\t\t\t\t\t\t<a target=\"_blank\" href=\"http:\/\/www.lerempart.ca\">\n\t\t\t\t\t\t\t\t\t\t\t\tLe journal hebdomadaire francophone Le Rempart\t\t\t\t\t\t\t\t\t\t\t<\/a>\n\t\t\t\t\t\t\t\t\t\t<\/li>\n\t\t\t\t\t\t\t\t\t\t\t\t\t\t\t\t\t<\/ul>\n\t\t\t\t\t\t\t\t\t\t\t\t<\/div>\n\t\t\t\t<\/div>\n\t\t\t<\/div>\n\t\t<\/div>\n\t<\/div><!-- Careefoure \/- -->\n\t[\/vc_column][\/vc_row]<\/p>\n<\/div>","protected":false},"excerpt":{"rendered":"<p>[vc_row][vc_column][\/vc_column][\/vc_row]<\/p>\n","protected":false},"author":1,"featured_media":0,"parent":1091,"menu_order":0,"comment_status":"closed","ping_status":"closed","template":"","meta":{"footnotes":""},"class_list":["post-1104","page","type-page","status-publish","hentry"],"_links":{"self":[{"href":"https:\/\/ccfwek.org\/en\/wp-json\/wp\/v2\/pages\/1104","targetHints":{"allow":["GET"]}}],"collection":[{"href":"https:\/\/ccfwek.org\/en\/wp-json\/wp\/v2\/pages"}],"about":[{"href":"https:\/\/ccfwek.org\/en\/wp-json\/wp\/v2\/types\/page"}],"author":[{"embeddable":true,"href":"https:\/\/ccfwek.org\/en\/wp-json\/wp\/v2\/users\/1"}],"replies":[{"embeddable":true,"href":"https:\/\/ccfwek.org\/en\/wp-json\/wp\/v2\/comments?post=1104"}],"version-history":[{"count":7,"href":"https:\/\/ccfwek.org\/en\/wp-json\/wp\/v2\/pages\/1104\/revisions"}],"predecessor-version":[{"id":4145,"href":"https:\/\/ccfwek.org\/en\/wp-json\/wp\/v2\/pages\/1104\/revisions\/4145"}],"up":[{"embeddable":true,"href":"https:\/\/ccfwek.org\/en\/wp-json\/wp\/v2\/pages\/1091"}],"wp:attachment":[{"href":"https:\/\/ccfwek.org\/en\/wp-json\/wp\/v2\/media?parent=1104"}],"curies":[{"name":"wp","href":"https:\/\/api.w.org\/{rel}","templated":true}]}}